{"id":390,"date":"2022-10-04T11:36:51","date_gmt":"2022-10-04T09:36:51","guid":{"rendered":"http:\/\/www.ruz-mineralik.net\/?page_id=390"},"modified":"2022-11-29T11:32:32","modified_gmt":"2022-11-29T10:32:32","slug":"mehr-kreislaufwirtschaft","status":"publish","type":"page","link":"https:\/\/www.ruz-mineralik.net\/index.php\/mehr-kreislaufwirtschaft\/","title":{"rendered":"Mehr Kreislaufwirtschaft"},"content":{"rendered":"<p>[et_pb_section fb_built=&#8220;1&#8243; admin_label=&#8220;Hero&#8220; _builder_version=&#8220;4.18.0&#8243; custom_padding=&#8220;0px|0px|0px|0px&#8220; animation_style=&#8220;zoom&#8220; animation_intensity_zoom=&#8220;4%&#8220; global_colors_info=&#8220;{}&#8220;][et_pb_row column_structure=&#8220;1_3,2_3&#8243; use_custom_gutter=&#8220;on&#8220; gutter_width=&#8220;1&#8243; make_equal=&#8220;on&#8220; module_class=&#8220; et_pb_row_fullwidth&#8220; _builder_version=&#8220;4.18.0&#8243; background_color=&#8220;#fcd21d&#8220; background_image=&#8220;http:\/\/www.ruz-mineralik.net\/wp-content\/uploads\/2022\/09\/circle-background-pattern.png&#8220; background_position=&#8220;top_left&#8220; background_repeat=&#8220;repeat&#8220; width=&#8220;100%&#8220; width_tablet=&#8220;100%&#8220; width_phone=&#8220;100%&#8220; width_last_edited=&#8220;on|desktop&#8220; max_width=&#8220;100%&#8220; max_width_tablet=&#8220;100%&#8220; max_width_phone=&#8220;100%&#8220; max_width_last_edited=&#8220;on|desktop&#8220; custom_padding=&#8220;0px||0px|&#8220; animation_style=&#8220;slide&#8220; animation_direction=&#8220;top&#8220; animation_intensity_slide=&#8220;3%&#8220; make_fullwidth=&#8220;on&#8220; global_colors_info=&#8220;{}&#8220;][et_pb_column type=&#8220;1_3&#8243; _builder_version=&#8220;4.18.0&#8243; background_color=&#8220;#7f8484&#8243; custom_padding=&#8220;10%|8%|10%|8%&#8220; global_colors_info=&#8220;{}&#8220; custom_padding__hover=&#8220;|||&#8220;][et_pb_image src=&#8220;https:\/\/www.ruz-mineralik.net\/wp-content\/uploads\/2022\/10\/RUZ_LOGO_Header_kasten_weiss_new.png&#8220; title_text=&#8220;RUZ_LOGO_Header_kasten_weiss_new&#8220; _builder_version=&#8220;4.18.0&#8243; _module_preset=&#8220;default&#8220; transform_scale=&#8220;142%|142%&#8220; transform_scale_tablet=&#8220;104%|104%&#8220; transform_scale_phone=&#8220;106%|106%&#8220; transform_scale_last_edited=&#8220;on|phone&#8220; transform_translate=&#8220;0px|-53px&#8220; transform_translate_tablet=&#8220;0px|-53px&#8220; transform_translate_phone=&#8220;4px|-25px&#8220; transform_translate_last_edited=&#8220;on|phone&#8220; transform_rotate_tablet=&#8220;&#8220; transform_rotate_phone=&#8220;&#8220; transform_rotate_last_edited=&#8220;on|phone&#8220; transform_skew_tablet=&#8220;&#8220; transform_skew_phone=&#8220;&#8220; transform_skew_last_edited=&#8220;on|phone&#8220; transform_origin_tablet=&#8220;&#8220; transform_origin_phone=&#8220;&#8220; transform_origin_last_edited=&#8220;on|phone&#8220; transform_styles_last_edited=&#8220;on|phone&#8220; transform_styles_tablet=&#8220;&#8220; transform_styles_phone=&#8220;&#8220; global_colors_info=&#8220;{}&#8220;][\/et_pb_image][et_pb_image src=&#8220;https:\/\/www.ruz-mineralik.net\/wp-content\/uploads\/2022\/09\/Klimaneutral_logo_ohne_inhalt.png&#8220; title_text=&#8220;Klimaneutral_logo_ohne_inhalt&#8220; align_tablet=&#8220;center&#8220; align_phone=&#8220;center&#8220; align_last_edited=&#8220;on|tablet&#8220; _builder_version=&#8220;4.18.0&#8243; _module_preset=&#8220;default&#8220; global_colors_info=&#8220;{}&#8220;][\/et_pb_image][et_pb_text _builder_version=&#8220;4.18.0&#8243; _module_preset=&#8220;default&#8220; text_font=&#8220;|800|||||||&#8220; header_font=&#8220;|800|||||||&#8220; header_font_size=&#8220;16px&#8220; transform_scale=&#8220;146%|146%&#8220; transform_scale_tablet=&#8220;178%|178%&#8220; transform_scale_phone=&#8220;124%|124%&#8220; transform_scale_last_edited=&#8220;on|desktop&#8220; transform_translate=&#8220;19px|48px&#8220; transform_translate_tablet=&#8220;150px|18px&#8220; transform_translate_phone=&#8220;20px|18px&#8220; transform_translate_last_edited=&#8220;on|desktop&#8220; transform_rotate_tablet=&#8220;&#8220; transform_rotate_phone=&#8220;&#8220; transform_rotate_last_edited=&#8220;on|phone&#8220; transform_skew_tablet=&#8220;&#8220; transform_skew_phone=&#8220;&#8220; transform_skew_last_edited=&#8220;on|phone&#8220; transform_origin_tablet=&#8220;&#8220; transform_origin_phone=&#8220;&#8220; transform_origin_last_edited=&#8220;on|phone&#8220; transform_styles_last_edited=&#8220;on|desktop&#8220; header_font_size_tablet=&#8220;16px&#8220; header_font_size_phone=&#8220;16px&#8220; header_font_size_last_edited=&#8220;on|desktop&#8220; transform_styles_tablet=&#8220;&#8220; transform_styles_phone=&#8220;&#8220; global_colors_info=&#8220;{}&#8220;]<\/p>\n<h1 style=\"text-align: left;\"><span style=\"color: #ffffff;\"><strong>\u2026MEHR KREISLAUFWIRTSCHAFT<\/strong><br \/><\/span><\/h1>\n<p>[\/et_pb_text][\/et_pb_column][et_pb_column type=&#8220;2_3&#8243; _builder_version=&#8220;4.18.0&#8243; background_image=&#8220;https:\/\/www.ruz-mineralik.net\/wp-content\/uploads\/2022\/10\/Bild_Kreislauf_Steine.jpeg&#8220; custom_padding=&#8220;|||&#8220; global_colors_info=&#8220;{}&#8220; custom_padding__hover=&#8220;|||&#8220;][\/et_pb_column][\/et_pb_row][\/et_pb_section][et_pb_section fb_built=&#8220;1&#8243; admin_label=&#8220;Latest Work Section&#8220; _builder_version=&#8220;4.18.0&#8243; background_color=&#8220;#FFFFFF&#8220; custom_margin=&#8220;||-86px|||&#8220; custom_padding=&#8220;24px||10px|||&#8220; global_colors_info=&#8220;{}&#8220;][et_pb_row _builder_version=&#8220;4.18.0&#8243; _module_preset=&#8220;default&#8220; custom_padding=&#8220;||10px|||&#8220; global_colors_info=&#8220;{}&#8220;][et_pb_column type=&#8220;4_4&#8243; _builder_version=&#8220;4.18.0&#8243; _module_preset=&#8220;default&#8220; global_colors_info=&#8220;{}&#8220;][et_pb_menu menu_id=&#8220;13&#8243; menu_style=&#8220;centered&#8220; active_link_color=&#8220;#E02B20&#8243; _builder_version=&#8220;4.18.0&#8243; _module_preset=&#8220;default&#8220; menu_font=&#8220;|700|||||||&#8220; menu_font_size=&#8220;20px&#8220; global_colors_info=&#8220;{}&#8220;][\/et_pb_menu][et_pb_divider color=&#8220;#adadad&#8220; divider_weight=&#8220;4px&#8220; _builder_version=&#8220;4.18.0&#8243; _module_preset=&#8220;default&#8220; custom_margin=&#8220;||53px|||&#8220; global_colors_info=&#8220;{}&#8220;][\/et_pb_divider][et_pb_text _builder_version=&#8220;4.18.0&#8243; _module_preset=&#8220;default&#8220; custom_margin=&#8220;||-5px|||&#8220; custom_padding=&#8220;||0px|||&#8220; header_font_size_tablet=&#8220;&#8220; header_font_size_phone=&#8220;26px&#8220; header_font_size_last_edited=&#8220;on|phone&#8220; global_colors_info=&#8220;{}&#8220;]<\/p>\n<h1 style=\"text-align: center;\"><strong>\u2026MEHR KREISLAUFWIRTSCHAFT<\/strong><span><br \/><\/span>BEDEUTET FU\u0308R UNS\u2026<\/h1>\n<p>&nbsp;<\/p>\n<p>[\/et_pb_text][\/et_pb_column][\/et_pb_row][et_pb_row column_structure=&#8220;1_2,1_2&#8243; _builder_version=&#8220;4.18.0&#8243; _module_preset=&#8220;default&#8220; global_colors_info=&#8220;{}&#8220;][et_pb_column type=&#8220;1_2&#8243; _builder_version=&#8220;4.18.0&#8243; _module_preset=&#8220;default&#8220; global_colors_info=&#8220;{}&#8220;][et_pb_text _builder_version=&#8220;4.18.0&#8243; _module_preset=&#8220;default&#8220; custom_margin=&#8220;||23px|||&#8220; custom_padding=&#8220;||0px|||&#8220; global_colors_info=&#8220;{}&#8220;]<\/p>\n<p class=\"p1\"><span class=\"s1\"><b>Ressourcenschutz<\/b><\/span><\/p>\n<p class=\"p1\"><span class=\"s1\">Jeder Deutsche verbraucht statistisch t\u00e4glich mehrere Tonnen mineralische Baustoffe.<br \/><\/span>Ein Gro\u00dfteil dieser Baustoffe wurde lange Zeit nach dem R\u00fcckbau deponiert.<br \/>Durch unser Kerngesch\u00e4ft, der mineralischen Baustoffaufbereitung, wird bereits heute der gr\u00f6\u00dfte Teil des mineralischen Abbruchmaterials in den Kreislauf als Sekund\u00e4rbaustoff wieder zur\u00fcckzugef\u00fchrt.<\/p>\n<p class=\"p1\">Die SER\/RUZ tr\u00e4gt somit einen wesentlichen Teil zur Reduktion der CO<sub>2<\/sub>,-Emissionen durch die Aufbereitung von mineralischen Abf\u00e4llen bei.<br \/>Wir geben mit der Aufbereitung dieser Stoffe in unseren Produktionsanlagen mineralischem Material ein zweites Leben als Baustoff.<\/p>\n<p class=\"p1\"><span class=\"s1\">Dies schont die Landschaft und den Verbrauch der nat\u00fcrlichen Ressourcen.<br \/>So ergibt sich eine Win-Win Situation f\u00fcr die Umwelt und unsere Kunden.<\/span><\/p>\n<p>[\/et_pb_text][et_pb_text _builder_version=&#8220;4.18.0&#8243; _module_preset=&#8220;default&#8220; global_colors_info=&#8220;{}&#8220;]<\/p>\n<p>&nbsp;<\/p>\n<p>&nbsp;<\/p>\n<p>[\/et_pb_text][\/et_pb_column][et_pb_column type=&#8220;1_2&#8243; _builder_version=&#8220;4.18.0&#8243; _module_preset=&#8220;default&#8220; global_colors_info=&#8220;{}&#8220;][et_pb_image src=&#8220;https:\/\/www.ruz-mineralik.net\/wp-content\/uploads\/2022\/10\/RC-SPLITT-2_8-AUS-HARTGESTE.jpeg&#8220; title_text=&#8220;RC-SPLITT-2_8-AUS-HARTGESTE&#8220; _builder_version=&#8220;4.18.0&#8243; _module_preset=&#8220;default&#8220; box_shadow_style=&#8220;preset1&#8243; global_colors_info=&#8220;{}&#8220;][\/et_pb_image][\/et_pb_column][\/et_pb_row][et_pb_row _builder_version=&#8220;4.18.0&#8243; _module_preset=&#8220;default&#8220; global_colors_info=&#8220;{}&#8220;][et_pb_column type=&#8220;4_4&#8243; _builder_version=&#8220;4.18.0&#8243; _module_preset=&#8220;default&#8220; global_colors_info=&#8220;{}&#8220;][et_pb_divider _builder_version=&#8220;4.18.0&#8243; _module_preset=&#8220;default&#8220; global_colors_info=&#8220;{}&#8220;][\/et_pb_divider][\/et_pb_column][\/et_pb_row][et_pb_row column_structure=&#8220;1_2,1_2&#8243; _builder_version=&#8220;4.18.0&#8243; _module_preset=&#8220;default&#8220; custom_padding=&#8220;20px|||||&#8220; global_colors_info=&#8220;{}&#8220;][et_pb_column type=&#8220;1_2&#8243; _builder_version=&#8220;4.18.0&#8243; _module_preset=&#8220;default&#8220; global_colors_info=&#8220;{}&#8220;][et_pb_image src=&#8220;https:\/\/www.ruz-mineralik.net\/wp-content\/uploads\/2022\/11\/100Betriebe_Siegel_RUZMineralikGmbH_2022.png&#8220; title_text=&#8220;100Betriebe_Siegel_RUZMineralikGmbH_2022&#8243; align=&#8220;center&#8220; _builder_version=&#8220;4.18.0&#8243; _module_preset=&#8220;default&#8220; hover_enabled=&#8220;0&#8243; global_colors_info=&#8220;{}&#8220; box_shadow_style=&#8220;preset1&#8243; sticky_enabled=&#8220;0&#8243;][\/et_pb_image][\/et_pb_column][et_pb_column type=&#8220;1_2&#8243; _builder_version=&#8220;4.18.0&#8243; _module_preset=&#8220;default&#8220; global_colors_info=&#8220;{}&#8220;][et_pb_image src=&#8220;https:\/\/www.ruz-mineralik.net\/wp-content\/uploads\/2022\/11\/Studie_100_betriebe_Cover.png&#8220; title_text=&#8220;Studie_100_betriebe_Cover&#8220; url=&#8220;https:\/\/www.ruz-mineralik.net\/wp-content\/uploads\/2022\/11\/RUZ-Mineralik-GmbH_100-Betriebe.pdf&#8220; align=&#8220;center&#8220; _builder_version=&#8220;4.18.0&#8243; _module_preset=&#8220;default&#8220; width=&#8220;49%&#8220; hover_enabled=&#8220;0&#8243; global_colors_info=&#8220;{}&#8220; box_shadow_style=&#8220;preset1&#8243; sticky_enabled=&#8220;0&#8243;][\/et_pb_image][et_pb_text _builder_version=&#8220;4.18.0&#8243; _module_preset=&#8220;default&#8220; global_colors_info=&#8220;{}&#8220;]<\/p>\n<p style=\"text-align: center;\"><strong>Download:<\/strong><\/p>\n<div class=\"page\" title=\"Page 1\">\n<div class=\"section\">\n<div class=\"layoutArea\">\n<div class=\"column\">\n<p style=\"text-align: center;\"><strong>Praxisbeispiel der RUZ Mineralik GmbH<\/strong><\/p>\n<\/div>\n<\/div>\n<\/div>\n<\/div>\n<p>[\/et_pb_text][\/et_pb_column][\/et_pb_row][et_pb_row _builder_version=&#8220;4.18.0&#8243; _module_preset=&#8220;default&#8220; custom_padding=&#8220;19px|||||&#8220; global_colors_info=&#8220;{}&#8220;][et_pb_column type=&#8220;4_4&#8243; _builder_version=&#8220;4.18.0&#8243; _module_preset=&#8220;default&#8220; global_colors_info=&#8220;{}&#8220;][et_pb_divider _builder_version=&#8220;4.18.0&#8243; _module_preset=&#8220;default&#8220; global_colors_info=&#8220;{}&#8220;][\/et_pb_divider][\/et_pb_column][\/et_pb_row][et_pb_row _builder_version=&#8220;4.18.0&#8243; _module_preset=&#8220;default&#8220; custom_padding=&#8220;9px||25px|||&#8220; global_colors_info=&#8220;{}&#8220;][et_pb_column type=&#8220;4_4&#8243; _builder_version=&#8220;4.18.0&#8243; _module_preset=&#8220;default&#8220; global_colors_info=&#8220;{}&#8220;][et_pb_text _builder_version=&#8220;4.18.0&#8243; _module_preset=&#8220;default&#8220; custom_margin=&#8220;||-6px|||&#8220; header_font_size_tablet=&#8220;&#8220; header_font_size_phone=&#8220;24px&#8220; header_font_size_last_edited=&#8220;on|phone&#8220; global_colors_info=&#8220;{}&#8220;]<\/p>\n<div class=\"et_pb_row et_pb_row_5\">\n<div class=\"et_pb_column et_pb_column_4_4 et_pb_column_7  et_pb_css_mix_blend_mode_passthrough et-last-child\">\n<div class=\"et_pb_module et_pb_text et_pb_text_4  et_pb_text_align_left et_pb_bg_layout_light\">\n<div class=\"et_pb_text_inner\">\n<section class=\"av_textblock_section \" itemscope=\"itemscope\" itemtype=\"https:\/\/schema.org\/CreativeWork\">\n<div class=\"avia_textblock  \" itemprop=\"text\">\n<div class=\"layoutArea\">\n<div class=\"column\">\n<h1 style=\"text-align: center;\">MEHR KREISLAUFWIRTSCHAFT IN DER PRAXIS\u2026<\/h1>\n<\/div>\n<\/div>\n<\/div>\n<\/section>\n<\/div>\n<\/div>\n<\/div>\n<\/div>\n<p>[\/et_pb_text][\/et_pb_column][\/et_pb_row][et_pb_row _builder_version=&#8220;4.18.0&#8243; _module_preset=&#8220;default&#8220; custom_margin=&#8220;|auto|6px|auto||&#8220; global_colors_info=&#8220;{}&#8220;][et_pb_column type=&#8220;4_4&#8243; _builder_version=&#8220;4.18.0&#8243; _module_preset=&#8220;default&#8220; global_colors_info=&#8220;{}&#8220;][et_pb_slider _builder_version=&#8220;4.18.0&#8243; _module_preset=&#8220;default&#8220; background_color=&#8220;#7f8484&#8243; global_colors_info=&#8220;{}&#8220;][et_pb_slide heading=&#8220;RC-Splitt&#8220; image=&#8220;https:\/\/www.ruz-mineralik.net\/wp-content\/uploads\/2022\/10\/Steine_kreislauf.png&#8220; _builder_version=&#8220;4.18.0&#8243; _module_preset=&#8220;default&#8220; global_colors_info=&#8220;{}&#8220; sticky_transition=&#8220;on&#8220;]<\/p>\n<p><span>Unser RC-Splitt wird aus Hartgestein hergestellt und weist aus diesem Grund eine deutlich h\u00f6here Festigkeit im Vergleich zu anderen Gesteinsarten auf (z. B. Muschelkalk).<\/span><br \/><span>Die unterschiedlichen K\u00f6rnungen erm\u00f6glichen das Einsetzen in vielen Bereichen. Der RC-Splitt 2\/8 wird f\u00fcr Pflasterarbeiten verwendet, wohingegen unser RC-Splitt 8\/16 f\u00fcr Drainageschichten, Parkplatzeinstreu und die Asphaltindustrie genutzt wird.<\/span><\/p>\n<p>[\/et_pb_slide][et_pb_slide heading=&#8220;Die mineralischen Baurestmassen werden zum Gro\u00dfteil wiederverwertet.&#8220; image=&#8220;https:\/\/www.ruz-mineralik.net\/wp-content\/uploads\/2022\/10\/Bild_02_nSlider-1200&#215;430-1.jpeg&#8220; _builder_version=&#8220;4.18.0&#8243; _module_preset=&#8220;default&#8220; global_colors_info=&#8220;{}&#8220; sticky_transition=&#8220;on&#8220;][\/et_pb_slide][et_pb_slide heading=&#8220;Aufbereitung&#8220; image=&#8220;https:\/\/www.ruz-mineralik.net\/wp-content\/uploads\/2022\/10\/Bild_06_NSlider-1200&#215;430-1.png&#8220; _builder_version=&#8220;4.18.0&#8243; _module_preset=&#8220;default&#8220; global_colors_info=&#8220;{}&#8220; sticky_transition=&#8220;on&#8220;]<\/p>\n<p><span style=\"color: #ffffff;\">Unser mehrstufiges Aufbereitungsverfahren durch nasssieben, brechen und erneutes sieben erm\u00f6glicht uns hochwertige Sekund\u00e4rbaustoffe wie: RC-Gleisschotter und weitere RC-Produkte verschiedenster K\u00f6rnungsklassen.<\/span><\/p>\n<p>[\/et_pb_slide][et_pb_slide heading=&#8220;Kontinuierliche Energieoptimierung unserer Produktionsanlagen.&#8220; image=&#8220;https:\/\/www.ruz-mineralik.net\/wp-content\/uploads\/2022\/10\/Bild_07_NSlider-1200&#215;430-1.png&#8220; _builder_version=&#8220;4.18.0&#8243; _module_preset=&#8220;default&#8220; global_colors_info=&#8220;{}&#8220; sticky_transition=&#8220;on&#8220;][\/et_pb_slide][\/et_pb_slider][\/et_pb_column][\/et_pb_row][\/et_pb_section]<\/p>\n","protected":false},"excerpt":{"rendered":"<p>\u2026MEHR KREISLAUFWIRTSCHAFT\u2026MEHR KREISLAUFWIRTSCHAFTBEDEUTET FU\u0308R UNS\u2026 &nbsp;Ressourcenschutz Jeder Deutsche verbraucht statistisch t\u00e4glich mehrere Tonnen mineralische Baustoffe.Ein Gro\u00dfteil dieser Baustoffe wurde lange Zeit nach dem R\u00fcckbau deponiert.Durch unser Kerngesch\u00e4ft, der mineralischen Baustoffaufbereitung, wird bereits heute der gr\u00f6\u00dfte Teil des mineralischen Abbruchmaterials in den Kreislauf als Sekund\u00e4rbaustoff wieder zur\u00fcckzugef\u00fchrt. Die SER\/RUZ tr\u00e4gt somit einen wesentlichen Teil zur Reduktion [&hellip;]<\/p>\n","protected":false},"author":1,"featured_media":0,"parent":0,"menu_order":0,"comment_status":"closed","ping_status":"closed","template":"","meta":{"_et_pb_use_builder":"on","_et_pb_old_content":"","_et_gb_content_width":"","footnotes":""},"class_list":["post-390","page","type-page","status-publish","hentry"],"yoast_head":"<!-- This site is optimized with the Yoast SEO plugin v24.8.1 - https:\/\/yoast.com\/wordpress\/plugins\/seo\/ -->\n<title>Mehr Kreislaufwirtschaft - RUZ Mineralik<\/title>\n<meta name=\"description\" content=\"Die Kreislaufwirtschaft ist Teil unseres Nachhaltigkeitskonzepts - Informieren Sie sich gerne \u00fcber unsere Projekte! Ihre L\u00f6sung aus Heilbronn\" \/>\n<meta name=\"robots\" content=\"index, follow, max-snippet:-1, max-image-preview:large, max-video-preview:-1\" \/>\n<link rel=\"canonical\" href=\"https:\/\/www.ruz-mineralik.net\/index.php\/mehr-kreislaufwirtschaft\/\" \/>\n<meta property=\"og:locale\" content=\"de_DE\" \/>\n<meta property=\"og:type\" content=\"article\" \/>\n<meta property=\"og:title\" content=\"Mehr Kreislaufwirtschaft - RUZ Mineralik\" \/>\n<meta property=\"og:description\" content=\"Die Kreislaufwirtschaft ist Teil unseres Nachhaltigkeitskonzepts - Informieren Sie sich gerne \u00fcber unsere Projekte! Ihre L\u00f6sung aus Heilbronn\" \/>\n<meta property=\"og:url\" content=\"https:\/\/www.ruz-mineralik.net\/index.php\/mehr-kreislaufwirtschaft\/\" \/>\n<meta property=\"og:site_name\" content=\"RUZ Mineralik\" \/>\n<meta property=\"article:modified_time\" content=\"2022-11-29T10:32:32+00:00\" \/>\n<meta name=\"twitter:card\" content=\"summary_large_image\" \/>\n<meta name=\"twitter:label1\" content=\"Gesch\u00e4tzte Lesezeit\" \/>\n\t<meta name=\"twitter:data1\" content=\"3\u00a0Minuten\" \/>\n<script type=\"application\/ld+json\" class=\"yoast-schema-graph\">{\"@context\":\"https:\/\/schema.org\",\"@graph\":[{\"@type\":\"WebPage\",\"@id\":\"https:\/\/www.ruz-mineralik.net\/index.php\/mehr-kreislaufwirtschaft\/\",\"url\":\"https:\/\/www.ruz-mineralik.net\/index.php\/mehr-kreislaufwirtschaft\/\",\"name\":\"Mehr Kreislaufwirtschaft - RUZ Mineralik\",\"isPartOf\":{\"@id\":\"https:\/\/www.ruz-mineralik.net\/#website\"},\"datePublished\":\"2022-10-04T09:36:51+00:00\",\"dateModified\":\"2022-11-29T10:32:32+00:00\",\"description\":\"Die Kreislaufwirtschaft ist Teil unseres Nachhaltigkeitskonzepts - Informieren Sie sich gerne \u00fcber unsere Projekte! Ihre L\u00f6sung aus Heilbronn\",\"breadcrumb\":{\"@id\":\"https:\/\/www.ruz-mineralik.net\/index.php\/mehr-kreislaufwirtschaft\/#breadcrumb\"},\"inLanguage\":\"de\",\"potentialAction\":[{\"@type\":\"ReadAction\",\"target\":[\"https:\/\/www.ruz-mineralik.net\/index.php\/mehr-kreislaufwirtschaft\/\"]}]},{\"@type\":\"BreadcrumbList\",\"@id\":\"https:\/\/www.ruz-mineralik.net\/index.php\/mehr-kreislaufwirtschaft\/#breadcrumb\",\"itemListElement\":[{\"@type\":\"ListItem\",\"position\":1,\"name\":\"Startseite\",\"item\":\"https:\/\/www.ruz-mineralik.net\/\"},{\"@type\":\"ListItem\",\"position\":2,\"name\":\"Mehr Kreislaufwirtschaft\"}]},{\"@type\":\"WebSite\",\"@id\":\"https:\/\/www.ruz-mineralik.net\/#website\",\"url\":\"https:\/\/www.ruz-mineralik.net\/\",\"name\":\"RUZ Mineralik\",\"description\":\"\",\"potentialAction\":[{\"@type\":\"SearchAction\",\"target\":{\"@type\":\"EntryPoint\",\"urlTemplate\":\"https:\/\/www.ruz-mineralik.net\/?s={search_term_string}\"},\"query-input\":{\"@type\":\"PropertyValueSpecification\",\"valueRequired\":true,\"valueName\":\"search_term_string\"}}],\"inLanguage\":\"de\"}]}<\/script>\n<!-- \/ Yoast SEO plugin. -->","yoast_head_json":{"title":"Mehr Kreislaufwirtschaft - RUZ Mineralik","description":"Die Kreislaufwirtschaft ist Teil unseres Nachhaltigkeitskonzepts - Informieren Sie sich gerne \u00fcber unsere Projekte! Ihre L\u00f6sung aus Heilbronn","robots":{"index":"index","follow":"follow","max-snippet":"max-snippet:-1","max-image-preview":"max-image-preview:large","max-video-preview":"max-video-preview:-1"},"canonical":"https:\/\/www.ruz-mineralik.net\/index.php\/mehr-kreislaufwirtschaft\/","og_locale":"de_DE","og_type":"article","og_title":"Mehr Kreislaufwirtschaft - RUZ Mineralik","og_description":"Die Kreislaufwirtschaft ist Teil unseres Nachhaltigkeitskonzepts - Informieren Sie sich gerne \u00fcber unsere Projekte! Ihre L\u00f6sung aus Heilbronn","og_url":"https:\/\/www.ruz-mineralik.net\/index.php\/mehr-kreislaufwirtschaft\/","og_site_name":"RUZ Mineralik","article_modified_time":"2022-11-29T10:32:32+00:00","twitter_card":"summary_large_image","twitter_misc":{"Gesch\u00e4tzte Lesezeit":"3\u00a0Minuten"},"schema":{"@context":"https:\/\/schema.org","@graph":[{"@type":"WebPage","@id":"https:\/\/www.ruz-mineralik.net\/index.php\/mehr-kreislaufwirtschaft\/","url":"https:\/\/www.ruz-mineralik.net\/index.php\/mehr-kreislaufwirtschaft\/","name":"Mehr Kreislaufwirtschaft - RUZ Mineralik","isPartOf":{"@id":"https:\/\/www.ruz-mineralik.net\/#website"},"datePublished":"2022-10-04T09:36:51+00:00","dateModified":"2022-11-29T10:32:32+00:00","description":"Die Kreislaufwirtschaft ist Teil unseres Nachhaltigkeitskonzepts - Informieren Sie sich gerne \u00fcber unsere Projekte! Ihre L\u00f6sung aus Heilbronn","breadcrumb":{"@id":"https:\/\/www.ruz-mineralik.net\/index.php\/mehr-kreislaufwirtschaft\/#breadcrumb"},"inLanguage":"de","potentialAction":[{"@type":"ReadAction","target":["https:\/\/www.ruz-mineralik.net\/index.php\/mehr-kreislaufwirtschaft\/"]}]},{"@type":"BreadcrumbList","@id":"https:\/\/www.ruz-mineralik.net\/index.php\/mehr-kreislaufwirtschaft\/#breadcrumb","itemListElement":[{"@type":"ListItem","position":1,"name":"Startseite","item":"https:\/\/www.ruz-mineralik.net\/"},{"@type":"ListItem","position":2,"name":"Mehr Kreislaufwirtschaft"}]},{"@type":"WebSite","@id":"https:\/\/www.ruz-mineralik.net\/#website","url":"https:\/\/www.ruz-mineralik.net\/","name":"RUZ Mineralik","description":"","potentialAction":[{"@type":"SearchAction","target":{"@type":"EntryPoint","urlTemplate":"https:\/\/www.ruz-mineralik.net\/?s={search_term_string}"},"query-input":{"@type":"PropertyValueSpecification","valueRequired":true,"valueName":"search_term_string"}}],"inLanguage":"de"}]}},"_links":{"self":[{"href":"https:\/\/www.ruz-mineralik.net\/index.php\/wp-json\/wp\/v2\/pages\/390","targetHints":{"allow":["GET"]}}],"collection":[{"href":"https:\/\/www.ruz-mineralik.net\/index.php\/wp-json\/wp\/v2\/pages"}],"about":[{"href":"https:\/\/www.ruz-mineralik.net\/index.php\/wp-json\/wp\/v2\/types\/page"}],"author":[{"embeddable":true,"href":"https:\/\/www.ruz-mineralik.net\/index.php\/wp-json\/wp\/v2\/users\/1"}],"replies":[{"embeddable":true,"href":"https:\/\/www.ruz-mineralik.net\/index.php\/wp-json\/wp\/v2\/comments?post=390"}],"version-history":[{"count":21,"href":"https:\/\/www.ruz-mineralik.net\/index.php\/wp-json\/wp\/v2\/pages\/390\/revisions"}],"predecessor-version":[{"id":865,"href":"https:\/\/www.ruz-mineralik.net\/index.php\/wp-json\/wp\/v2\/pages\/390\/revisions\/865"}],"wp:attachment":[{"href":"https:\/\/www.ruz-mineralik.net\/index.php\/wp-json\/wp\/v2\/media?parent=390"}],"curies":[{"name":"wp","href":"https:\/\/api.w.org\/{rel}","templated":true}]}}