{"id":78,"date":"2022-09-26T14:03:38","date_gmt":"2022-09-26T12:03:38","guid":{"rendered":"http:\/\/www.ruz-mineralik.net\/?page_id=78"},"modified":"2026-01-13T10:14:16","modified_gmt":"2026-01-13T09:14:16","slug":"mehr-nachhaltigkeit","status":"publish","type":"page","link":"https:\/\/www.ruz-mineralik.net\/index.php\/mehr-nachhaltigkeit\/","title":{"rendered":"Mehr Nachhaltigkeit"},"content":{"rendered":"<p>[et_pb_section fb_built=&#8220;1&#8243; admin_label=&#8220;Hero&#8220; _builder_version=&#8220;4.18.0&#8243; custom_padding=&#8220;0px|0px|0px|0px&#8220; animation_style=&#8220;zoom&#8220; animation_intensity_zoom=&#8220;4%&#8220; global_colors_info=&#8220;{}&#8220;][et_pb_row column_structure=&#8220;1_3,2_3&#8243; use_custom_gutter=&#8220;on&#8220; gutter_width=&#8220;1&#8243; make_equal=&#8220;on&#8220; module_class=&#8220; et_pb_row_fullwidth&#8220; _builder_version=&#8220;4.27.4&#8243; background_color=&#8220;#7f8484&#8243; background_image=&#8220;http:\/\/www.ruz-mineralik.net\/wp-content\/uploads\/2022\/09\/circle-background-pattern.png&#8220; background_position=&#8220;top_left&#8220; background_repeat=&#8220;repeat&#8220; width=&#8220;100%&#8220; width_tablet=&#8220;100%&#8220; width_phone=&#8220;100%&#8220; width_last_edited=&#8220;on|desktop&#8220; max_width=&#8220;100%&#8220; max_width_tablet=&#8220;100%&#8220; max_width_phone=&#8220;100%&#8220; max_width_last_edited=&#8220;on|desktop&#8220; custom_padding=&#8220;0px||0px|&#8220; animation_style=&#8220;slide&#8220; animation_direction=&#8220;top&#8220; animation_intensity_slide=&#8220;3%&#8220; make_fullwidth=&#8220;on&#8220; locked=&#8220;off&#8220; global_colors_info=&#8220;{}&#8220;][et_pb_column type=&#8220;1_3&#8243; _builder_version=&#8220;4.18.0&#8243; background_color=&#8220;#7f8484&#8243; custom_padding=&#8220;10%|8%|10%|8%&#8220; global_colors_info=&#8220;{}&#8220; custom_padding__hover=&#8220;|||&#8220;][et_pb_image src=&#8220;https:\/\/www.ruz-mineralik.net\/wp-content\/uploads\/2022\/10\/RUZ_LOGO_Header_kasten_weiss_new.png&#8220; title_text=&#8220;RUZ_LOGO_Header_kasten_weiss_new&#8220; _builder_version=&#8220;4.27.4&#8243; _module_preset=&#8220;default&#8220; transform_scale=&#8220;142%|142%&#8220; transform_scale_tablet=&#8220;94%|94%&#8220; transform_scale_phone=&#8220;142%|142%&#8220; transform_scale_last_edited=&#8220;on|phone&#8220; transform_translate=&#8220;0px|-53px&#8220; transform_translate_tablet=&#8220;0px|-53px&#8220; transform_translate_phone=&#8220;40px|-11px&#8220; transform_translate_last_edited=&#8220;on|phone&#8220; transform_rotate_tablet=&#8220;&#8220; transform_rotate_phone=&#8220;&#8220; transform_rotate_last_edited=&#8220;on|phone&#8220; transform_skew_tablet=&#8220;&#8220; transform_skew_phone=&#8220;&#8220; transform_skew_last_edited=&#8220;on|phone&#8220; transform_origin_tablet=&#8220;&#8220; transform_origin_phone=&#8220;&#8220; transform_origin_last_edited=&#8220;on|phone&#8220; transform_styles_last_edited=&#8220;on|phone&#8220; width_tablet=&#8220;&#8220; width_phone=&#8220;68%&#8220; width_last_edited=&#8220;on|phone&#8220; max_width=&#8220;99%&#8220; transform_styles_tablet=&#8220;&#8220; transform_styles_phone=&#8220;&#8220; global_colors_info=&#8220;{}&#8220;][\/et_pb_image][et_pb_image src=&#8220;https:\/\/www.ruz-mineralik.net\/wp-content\/uploads\/2022\/09\/Klimaneutral_logo_ohne_inhalt.png&#8220; title_text=&#8220;Klimaneutral_logo_ohne_inhalt&#8220; align_tablet=&#8220;center&#8220; align_phone=&#8220;center&#8220; align_last_edited=&#8220;on|tablet&#8220; _builder_version=&#8220;4.27.4&#8243; _module_preset=&#8220;default&#8220; transform_scale_tablet=&#8220;&#8220; transform_scale_phone=&#8220;86%|86%&#8220; transform_scale_last_edited=&#8220;on|phone&#8220; transform_translate_tablet=&#8220;&#8220; transform_translate_phone=&#8220;&#8220; transform_translate_last_edited=&#8220;on|phone&#8220; transform_rotate_tablet=&#8220;&#8220; transform_rotate_phone=&#8220;&#8220; transform_rotate_last_edited=&#8220;on|phone&#8220; transform_skew_tablet=&#8220;&#8220; transform_skew_phone=&#8220;&#8220; transform_skew_last_edited=&#8220;on|phone&#8220; transform_origin_tablet=&#8220;&#8220; transform_origin_phone=&#8220;&#8220; transform_origin_last_edited=&#8220;on|phone&#8220; transform_styles_last_edited=&#8220;on|phone&#8220; custom_margin=&#8220;25px|||||&#8220; transform_styles_tablet=&#8220;&#8220; transform_styles_phone=&#8220;&#8220; global_colors_info=&#8220;{}&#8220;][\/et_pb_image][\/et_pb_column][et_pb_column type=&#8220;2_3&#8243; _builder_version=&#8220;4.27.4&#8243; background_image=&#8220;https:\/\/www.ruz-mineralik.net\/wp-content\/uploads\/2022\/09\/Bild_03_nslider-1030&#215;609-1.png&#8220; transform_scale_tablet=&#8220;&#8220; transform_scale_phone=&#8220;&#8220; transform_scale_last_edited=&#8220;on|phone&#8220; transform_translate_tablet=&#8220;&#8220; transform_translate_phone=&#8220;1px|-148px&#8220; transform_translate_last_edited=&#8220;on|phone&#8220; transform_rotate_tablet=&#8220;&#8220; transform_rotate_phone=&#8220;&#8220; transform_rotate_last_edited=&#8220;on|phone&#8220; transform_skew_tablet=&#8220;&#8220; transform_skew_phone=&#8220;&#8220; transform_skew_last_edited=&#8220;on|phone&#8220; transform_origin_tablet=&#8220;&#8220; transform_origin_phone=&#8220;&#8220; transform_origin_last_edited=&#8220;on|phone&#8220; transform_styles_last_edited=&#8220;on|phone&#8220; custom_padding=&#8220;|||&#8220; background_last_edited=&#8220;on|phone&#8220; background_size_phone=&#8220;contain&#8220; transform_styles_tablet=&#8220;&#8220; transform_styles_phone=&#8220;&#8220; global_colors_info=&#8220;{}&#8220; custom_padding__hover=&#8220;|||&#8220;][et_pb_image src=&#8220;https:\/\/www.ruz-mineralik.net\/wp-content\/uploads\/2022\/11\/100Betriebe_Siegel_RUZMineralikGmbH_2022.png&#8220; title_text=&#8220;100Betriebe_Siegel_RUZMineralikGmbH_2022&#8243; align=&#8220;right&#8220; _builder_version=&#8220;4.27.4&#8243; _module_preset=&#8220;default&#8220; transform_scale=&#8220;66%|66%&#8220; transform_scale_tablet=&#8220;54%|54%&#8220; transform_scale_phone=&#8220;54%|54%&#8220; transform_scale_last_edited=&#8220;on|phone&#8220; transform_translate=&#8220;135px|119px&#8220; transform_translate_tablet=&#8220;-589px|-185px&#8220; transform_translate_phone=&#8220;0px|474px&#8220; transform_translate_last_edited=&#8220;on|phone&#8220; transform_rotate_tablet=&#8220;&#8220; transform_rotate_phone=&#8220;&#8220; transform_rotate_last_edited=&#8220;on|desktop&#8220; transform_skew_tablet=&#8220;&#8220; transform_skew_phone=&#8220;&#8220; transform_skew_last_edited=&#8220;on|desktop&#8220; transform_origin_tablet=&#8220;&#8220; transform_origin_phone=&#8220;&#8220; transform_origin_last_edited=&#8220;on|desktop&#8220; transform_styles_last_edited=&#8220;on|phone&#8220; width=&#8220;99%&#8220; max_width=&#8220;98%&#8220; transform_styles_tablet=&#8220;&#8220; transform_styles_phone=&#8220;&#8220; global_colors_info=&#8220;{}&#8220;][\/et_pb_image][\/et_pb_column][\/et_pb_row][\/et_pb_section][et_pb_section fb_built=&#8220;1&#8243; admin_label=&#8220;Latest Work Section&#8220; _builder_version=&#8220;4.18.0&#8243; background_color=&#8220;#FFFFFF&#8220; custom_padding=&#8220;24px||110px|||&#8220; global_colors_info=&#8220;{}&#8220;][et_pb_row column_structure=&#8220;1_2,1_2&#8243; _builder_version=&#8220;4.18.0&#8243; _module_preset=&#8220;default&#8220; custom_margin=&#8220;-40px|auto||auto||&#8220; custom_padding=&#8220;88px|||||&#8220; global_colors_info=&#8220;{}&#8220;][et_pb_column type=&#8220;1_2&#8243; _builder_version=&#8220;4.18.0&#8243; _module_preset=&#8220;default&#8220; global_colors_info=&#8220;{}&#8220;][et_pb_text _builder_version=&#8220;4.18.0&#8243; _module_preset=&#8220;default&#8220; header_font=&#8220;|600|||||||&#8220; global_colors_info=&#8220;{}&#8220;]<\/p>\n<p style=\"text-align: left;\">Mit unserer<span>\u00a0<\/span><strong>AGENDA 2030<\/strong><span>\u00a0<\/span>orientieren wir uns als SER-Unternehmensgruppe klar an den \u00fcbergeordneten Zielen der Vereinten Nationen.<br \/>Daraus haben wir die f\u00fcr uns wesentlichen Handlungsfelder analysiert.<\/p>\n<p style=\"text-align: left;\"><strong>Klima- und Ressourcenschutz<\/strong><span>\u00a0<\/span>sind unsere Schwerpunkte mit denen wir einen Beitrag leisten, um die globale Erderw\u00e4rmung unter 1,5 Grad zu halten.<\/p>\n<p style=\"text-align: left;\"><span>Die Baustoffrecyclingbranche hat ein beachtliches Potenzial zur Reduktion der CO<\/span><sub>2<\/sub><span>-Emissionen.<\/span><br \/><span>Deshalb werden wir mit unserer Strategie \u201e<\/span><strong>\u2026MEHR Nachhaltigkeit<\/strong><span>\u201c ein Zeichen setzen und damit unseren Beitrag zum Umweltschutz leisten.<\/span><\/p>\n<p>[\/et_pb_text][et_pb_button button_url=&#8220;https:\/\/www.ruz-mineralik.net\/wp-content\/uploads\/2023\/02\/Nachhaltigkeit_Unternehmensgruppe.pdf&#8220; url_new_window=&#8220;on&#8220; button_text=&#8220;UNSER FLYER (PDF)&#8220; _builder_version=&#8220;4.18.0&#8243; _module_preset=&#8220;default&#8220; custom_button=&#8220;on&#8220; button_text_size=&#8220;21px&#8220; button_text_color=&#8220;#E02B20&#8243; button_border_radius=&#8220;26px&#8220; transform_translate=&#8220;-7px|0px&#8220; global_colors_info=&#8220;{}&#8220;][\/et_pb_button][\/et_pb_column][et_pb_column type=&#8220;1_2&#8243; _builder_version=&#8220;4.18.0&#8243; _module_preset=&#8220;default&#8220; global_colors_info=&#8220;{}&#8220;][et_pb_image src=&#8220;https:\/\/www.ruz-mineralik.net\/wp-content\/uploads\/2022\/09\/SGDS_auflistung-1-1.png&#8220; title_text=&#8220;SGDS_auflistung-1 (1)&#8220; _builder_version=&#8220;4.18.0&#8243; _module_preset=&#8220;default&#8220; global_colors_info=&#8220;{}&#8220;][\/et_pb_image][\/et_pb_column][\/et_pb_row][et_pb_row column_structure=&#8220;1_4,1_4,1_4,1_4&#8243; _builder_version=&#8220;4.21.0&#8243; _module_preset=&#8220;default&#8220; global_colors_info=&#8220;{}&#8220;][et_pb_column type=&#8220;1_4&#8243; _builder_version=&#8220;4.21.0&#8243; _module_preset=&#8220;default&#8220; global_colors_info=&#8220;{}&#8220;][et_pb_image src=&#8220;https:\/\/www.ruz-mineralik.net\/wp-content\/uploads\/2023\/07\/men01.jpeg&#8220; title_text=&#8220;men01&#8243; url=&#8220;@ET-DC@eyJkeW5hbWljIjp0cnVlLCJjb250ZW50IjoicG9zdF9saW5rX3VybF9wYWdlIiwic2V0dGluZ3MiOnsicG9zdF9pZCI6IjM0NiJ9fQ==@&#8220; _builder_version=&#8220;4.21.0&#8243; _dynamic_attributes=&#8220;url&#8220; _module_preset=&#8220;default&#8220; box_shadow_style=&#8220;preset2&#8243; global_colors_info=&#8220;{}&#8220;][\/et_pb_image][\/et_pb_column][et_pb_column type=&#8220;1_4&#8243; _builder_version=&#8220;4.21.0&#8243; _module_preset=&#8220;default&#8220; global_colors_info=&#8220;{}&#8220;][et_pb_image src=&#8220;https:\/\/www.ruz-mineralik.net\/wp-content\/uploads\/2023\/07\/men02.png&#8220; title_text=&#8220;men02&#8243; url=&#8220;@ET-DC@eyJkeW5hbWljIjp0cnVlLCJjb250ZW50IjoicG9zdF9saW5rX3VybF9wYWdlIiwic2V0dGluZ3MiOnsicG9zdF9pZCI6IjM4NSJ9fQ==@&#8220; _builder_version=&#8220;4.21.0&#8243; _dynamic_attributes=&#8220;url&#8220; _module_preset=&#8220;default&#8220; box_shadow_style=&#8220;preset2&#8243; global_colors_info=&#8220;{}&#8220;][\/et_pb_image][\/et_pb_column][et_pb_column type=&#8220;1_4&#8243; _builder_version=&#8220;4.21.0&#8243; _module_preset=&#8220;default&#8220; global_colors_info=&#8220;{}&#8220;][et_pb_image src=&#8220;https:\/\/www.ruz-mineralik.net\/wp-content\/uploads\/2023\/07\/men03.jpeg&#8220; title_text=&#8220;men03&#8243; url=&#8220;@ET-DC@eyJkeW5hbWljIjp0cnVlLCJjb250ZW50IjoicG9zdF9saW5rX3VybF9wYWdlIiwic2V0dGluZ3MiOnsicG9zdF9pZCI6IjM5MCJ9fQ==@&#8220; _builder_version=&#8220;4.21.0&#8243; _dynamic_attributes=&#8220;url&#8220; _module_preset=&#8220;default&#8220; box_shadow_style=&#8220;preset2&#8243; global_colors_info=&#8220;{}&#8220;][\/et_pb_image][\/et_pb_column][et_pb_column type=&#8220;1_4&#8243; _builder_version=&#8220;4.21.0&#8243; _module_preset=&#8220;default&#8220; global_colors_info=&#8220;{}&#8220;][et_pb_image src=&#8220;https:\/\/www.ruz-mineralik.net\/wp-content\/uploads\/2023\/07\/men04.jpeg&#8220; title_text=&#8220;men04&#8243; url=&#8220;@ET-DC@eyJkeW5hbWljIjp0cnVlLCJjb250ZW50IjoicG9zdF9saW5rX3VybF9wYWdlIiwic2V0dGluZ3MiOnsicG9zdF9pZCI6IjM5MyJ9fQ==@&#8220; _builder_version=&#8220;4.21.0&#8243; _dynamic_attributes=&#8220;url&#8220; _module_preset=&#8220;default&#8220; box_shadow_style=&#8220;preset2&#8243; global_colors_info=&#8220;{}&#8220;][\/et_pb_image][\/et_pb_column][\/et_pb_row][et_pb_row _builder_version=&#8220;4.18.0&#8243; _module_preset=&#8220;default&#8220; min_height=&#8220;313px&#8220; box_shadow_style=&#8220;preset1&#8243; global_colors_info=&#8220;{}&#8220;][et_pb_column type=&#8220;4_4&#8243; _builder_version=&#8220;4.18.0&#8243; _module_preset=&#8220;default&#8220; global_colors_info=&#8220;{}&#8220;][et_pb_testimonial author=&#8220;Markus Salmen&#8220; job_title=&#8220;Gesch\u00e4ftsf\u00fchrer&#8220; portrait_url=&#8220;https:\/\/www.ruz-mineralik.net\/wp-content\/uploads\/2023\/06\/Markus_new_23.png&#8220; portrait_width=&#8220;174px&#8220; portrait_height=&#8220;165px&#8220; _builder_version=&#8220;4.21.0&#8243; _module_preset=&#8220;default&#8220; global_colors_info=&#8220;{}&#8220;]<\/p>\n<div class=\"et_pb_testimonial_description_inner\">\n<div class=\"et_pb_testimonial_content\">\n<h3><span>\u201eUnsere\u00a0<\/span><strong><span>Mitarbeiterinnen<\/span><\/strong><span>\u00a0und\u00a0<\/span><strong><span>Mitarbeiter<\/span><\/strong><span>\u00a0sind\u00a0<\/span><strong><span>die Basis<\/span><span>\u00a0<\/span><\/strong><span>unseres\u00a0<\/span><strong><span>nachhaltigen Unternehmenserfolgs<\/span><\/strong><span>\u201c<\/span><\/h3>\n<\/div>\n<\/div>\n<p>[\/et_pb_testimonial][\/et_pb_column][\/et_pb_row][et_pb_row column_structure=&#8220;1_2,1_2&#8243; _builder_version=&#8220;4.18.0&#8243; _module_preset=&#8220;default&#8220; custom_padding=&#8220;65px|||||&#8220; global_colors_info=&#8220;{}&#8220;][et_pb_column type=&#8220;1_2&#8243; _builder_version=&#8220;4.18.0&#8243; _module_preset=&#8220;default&#8220; global_colors_info=&#8220;{}&#8220;][et_pb_text _builder_version=&#8220;4.18.0&#8243; _module_preset=&#8220;default&#8220; global_colors_info=&#8220;{}&#8220;]<\/p>\n<h3 class=\"p1\">Ein weiterer Schritt in Richtung <b>klimafreundliches<\/b>\u00a0Unternehmen<\/h3>\n<p class=\"p2\">Mit der Auszeichnung \u201e100 Betriebe f\u00fcr Ressourceneffizienz\u201c der Umwelttechnik Baden-W\u00fcrttemberg haben wir einen weiteren wichtigen Meilenstein f\u00fcr die SER-Unternehmensgruppe in Richtung ,&#8220;\u2026Mehr Nachhaltigkeit&#8220; erreicht.<\/p>\n<p class=\"p2\">Die Auszeichnung kn\u00fcpft an unseren bisherigen Erfolg, den Lieferantenaward der Deutschen Bahn f\u00fcr die Kategorie \u201eUmwelt\u201c an und wir k\u00f6nnen mit Stolz sagen:<span class=\"Apple-converted-space\">\u00a0<\/span><\/p>\n<p class=\"p2\"><b>\u201eUnsere RC-Gesteinsk\u00f6rnungen sind um das 3,5-Fache klimafreundlicher als der Einsatz von Prim\u00e4rbaustoffen.\u201c<\/b><\/p>\n<p class=\"p2\">Wir\u00a0<b>reduzieren<\/b>\u00a0mit unserer Gleisschotterwaschanlage nicht nur C02-Emissionen, sondern\u00a0<b>vermindern<\/b>\u00a0den Landschaftsverbrauch durch\u00a0<b>Recycling<\/b>.<br \/>Damit schonen wir mit unserem Beitrag nicht nur aktiv Ressourcen, sondern f\u00f6rdern den Grundgedanken der Kreislaufwirtschaft in unserer Region.<\/p>\n<p class=\"p2\">S\u00e4mtliche Ma\u00dfnahmen aus der Vergangenheit, wie der Neubau der Gleisschotterwaschanlage, die Umr\u00fcstung auf elektrisch betriebene Antriebsmotoren sowie der Bau der Gleisanlage in der Lichtenbergerstra\u00dfe spielen in diesen Erfolg mit ein.<\/p>\n<p class=\"p2\">Unser Ziel ist es, gemeinsam ,&#8220;\u2026Mehr Nachhaltigkeit&#8220; in der Bauwirtschaft zu erreichen und den Einsatz von Sekund\u00e4rbaustoffen weiter zu f\u00f6rdern.<\/p>\n<p>[\/et_pb_text][\/et_pb_column][et_pb_column type=&#8220;1_2&#8243; _builder_version=&#8220;4.18.0&#8243; _module_preset=&#8220;default&#8220; global_colors_info=&#8220;{}&#8220;][et_pb_image src=&#8220;https:\/\/www.ruz-mineralik.net\/wp-content\/uploads\/2022\/11\/Auszeichnung_uebergabe-Nachweis.jpg&#8220; title_text=&#8220;Auszeichnung_uebergabe-Nachweis&#8220; _builder_version=&#8220;4.18.0&#8243; _module_preset=&#8220;default&#8220; box_shadow_style=&#8220;preset1&#8243; global_colors_info=&#8220;{}&#8220;][\/et_pb_image][\/et_pb_column][\/et_pb_row][et_pb_row column_structure=&#8220;1_2,1_2&#8243; _builder_version=&#8220;4.18.0&#8243; _module_preset=&#8220;default&#8220; custom_margin=&#8220;35px|auto||auto||&#8220; custom_padding=&#8220;25px|25px|25px|25px|false|false&#8220; box_shadow_style=&#8220;preset1&#8243; global_colors_info=&#8220;{}&#8220;][et_pb_column type=&#8220;1_2&#8243; _builder_version=&#8220;4.18.0&#8243; _module_preset=&#8220;default&#8220; global_colors_info=&#8220;{}&#8220;][et_pb_text _builder_version=&#8220;4.18.0&#8243; _module_preset=&#8220;default&#8220; custom_margin=&#8220;||39px|||&#8220; global_colors_info=&#8220;{}&#8220;]<\/p>\n<h3><strong>\u2026MEHR NACHHALTIGKEIT<\/strong><\/h3>\n<p>bedeutet f\u00fcr uns\u2026 klare Orientierung an den \u00fcbergeordneten Zielen der Vereinten Nationen. Die SDGs (Sustainable Development Goals) dienen uns als Ankerpunkt um Ma\u00dfnahmen und Ziele f\u00fcr eine nachhaltige Unternehmensentwicklung sicherzustellen.<br \/><span>Wir identifizieren uns als Unternehmensgruppe mit den f\u00fcr uns besonders wichtigen SDGs und richten nach diesen unsere t\u00e4glichen Ma\u00dfnahmen und Unternehmensentwicklung aus.<\/span><\/p>\n<p>&nbsp;<\/p>\n<h3><strong>Mit unserer Nachhaltigkeitsstrategie verfolgen wir das Ziel\u2026<\/strong><\/h3>\n<p>&#8230;die Digitalisierung in allen Unternehmensbereichen vorantreiben, die Logistik auf der Stra\u00dfe,<br \/>der Schiene und mit der Binnenschifffahrt weitgehend CO<sub>2<\/sub>-optimiert durchzuf\u00fchren, aus dem<br \/>mineralischen R\u00fcckbaumaterial wieder verwertbare Baustoffe herzustellen, alle unsere<br \/>Gesch\u00e4ftsprozesse sozial zu gestalten, ein nachhaltiges Kostenmanagement zu pflegen und<br \/>systematisch mit einem Nachfolgemanagement den Bestand des Unternehmens zu sichern.<\/p>\n<p>[\/et_pb_text][et_pb_button button_text=&#8220;KONTAKT&#8220; _builder_version=&#8220;4.27.4&#8243; _module_preset=&#8220;default&#8220; custom_button=&#8220;on&#8220; button_text_size=&#8220;25px&#8220; button_border_radius=&#8220;26px&#8220; hover_enabled=&#8220;0&#8243; global_colors_info=&#8220;{}&#8220; button_url=&#8220;https:\/\/www.ruz-mineralik.net\/index.php\/kontakt\/&#8220; sticky_enabled=&#8220;0&#8243;][\/et_pb_button][\/et_pb_column][et_pb_column type=&#8220;1_2&#8243; _builder_version=&#8220;4.18.0&#8243; _module_preset=&#8220;default&#8220; global_colors_info=&#8220;{}&#8220;][et_pb_image src=&#8220;https:\/\/www.ruz-mineralik.net\/wp-content\/uploads\/2023\/09\/Puzzle-Kreis-klimafreundlich.png&#8220; title_text=&#8220;Puzzle-Kreis klimafreundlich&#8220; align=&#8220;center&#8220; _builder_version=&#8220;4.21.0&#8243; _module_preset=&#8220;default&#8220; global_colors_info=&#8220;{}&#8220;][\/et_pb_image][\/et_pb_column][\/et_pb_row][\/et_pb_section]<\/p>\n","protected":false},"excerpt":{"rendered":"<p>Mit unserer\u00a0AGENDA 2030\u00a0orientieren wir uns als SER-Unternehmensgruppe klar an den \u00fcbergeordneten Zielen der Vereinten Nationen.Daraus haben wir die f\u00fcr uns wesentlichen Handlungsfelder analysiert. Klima- und Ressourcenschutz\u00a0sind unsere Schwerpunkte mit denen wir einen Beitrag leisten, um die globale Erderw\u00e4rmung unter 1,5 Grad zu halten. Die Baustoffrecyclingbranche hat ein beachtliches Potenzial zur Reduktion der CO2-Emissionen.Deshalb werden wir [&hellip;]<\/p>\n","protected":false},"author":1,"featured_media":0,"parent":0,"menu_order":0,"comment_status":"closed","ping_status":"closed","template":"","meta":{"_et_pb_use_builder":"on","_et_pb_old_content":"","_et_gb_content_width":"","footnotes":""},"class_list":["post-78","page","type-page","status-publish","hentry"],"yoast_head":"<!-- This site is optimized with the Yoast SEO plugin v24.8.1 - https:\/\/yoast.com\/wordpress\/plugins\/seo\/ -->\n<title>Mehr Nachhaltigkeit - RUZ Mineralik<\/title>\n<meta name=\"description\" content=\"Wir haben ein Nachhaltigkeitskonzept - Informieren Sie sich gerne \u00fcber unsere Projekte! Ihre L\u00f6sung aus Heilbronn\" \/>\n<meta name=\"robots\" content=\"index, follow, max-snippet:-1, max-image-preview:large, max-video-preview:-1\" \/>\n<link rel=\"canonical\" href=\"https:\/\/www.ruz-mineralik.net\/index.php\/mehr-nachhaltigkeit\/\" \/>\n<meta property=\"og:locale\" content=\"de_DE\" \/>\n<meta property=\"og:type\" content=\"article\" \/>\n<meta property=\"og:title\" content=\"Mehr Nachhaltigkeit - RUZ Mineralik\" \/>\n<meta property=\"og:description\" content=\"Wir haben ein Nachhaltigkeitskonzept - Informieren Sie sich gerne \u00fcber unsere Projekte! Ihre L\u00f6sung aus Heilbronn\" \/>\n<meta property=\"og:url\" content=\"https:\/\/www.ruz-mineralik.net\/index.php\/mehr-nachhaltigkeit\/\" \/>\n<meta property=\"og:site_name\" content=\"RUZ Mineralik\" \/>\n<meta property=\"article:modified_time\" content=\"2026-01-13T09:14:16+00:00\" \/>\n<meta name=\"twitter:card\" content=\"summary_large_image\" \/>\n<meta name=\"twitter:label1\" content=\"Gesch\u00e4tzte Lesezeit\" \/>\n\t<meta name=\"twitter:data1\" content=\"3\u00a0Minuten\" \/>\n<script type=\"application\/ld+json\" class=\"yoast-schema-graph\">{\"@context\":\"https:\/\/schema.org\",\"@graph\":[{\"@type\":\"WebPage\",\"@id\":\"https:\/\/www.ruz-mineralik.net\/index.php\/mehr-nachhaltigkeit\/\",\"url\":\"https:\/\/www.ruz-mineralik.net\/index.php\/mehr-nachhaltigkeit\/\",\"name\":\"Mehr Nachhaltigkeit - RUZ Mineralik\",\"isPartOf\":{\"@id\":\"https:\/\/www.ruz-mineralik.net\/#website\"},\"datePublished\":\"2022-09-26T12:03:38+00:00\",\"dateModified\":\"2026-01-13T09:14:16+00:00\",\"description\":\"Wir haben ein Nachhaltigkeitskonzept - Informieren Sie sich gerne \u00fcber unsere Projekte! Ihre L\u00f6sung aus Heilbronn\",\"breadcrumb\":{\"@id\":\"https:\/\/www.ruz-mineralik.net\/index.php\/mehr-nachhaltigkeit\/#breadcrumb\"},\"inLanguage\":\"de\",\"potentialAction\":[{\"@type\":\"ReadAction\",\"target\":[\"https:\/\/www.ruz-mineralik.net\/index.php\/mehr-nachhaltigkeit\/\"]}]},{\"@type\":\"BreadcrumbList\",\"@id\":\"https:\/\/www.ruz-mineralik.net\/index.php\/mehr-nachhaltigkeit\/#breadcrumb\",\"itemListElement\":[{\"@type\":\"ListItem\",\"position\":1,\"name\":\"Startseite\",\"item\":\"https:\/\/www.ruz-mineralik.net\/\"},{\"@type\":\"ListItem\",\"position\":2,\"name\":\"Mehr Nachhaltigkeit\"}]},{\"@type\":\"WebSite\",\"@id\":\"https:\/\/www.ruz-mineralik.net\/#website\",\"url\":\"https:\/\/www.ruz-mineralik.net\/\",\"name\":\"RUZ Mineralik\",\"description\":\"\",\"potentialAction\":[{\"@type\":\"SearchAction\",\"target\":{\"@type\":\"EntryPoint\",\"urlTemplate\":\"https:\/\/www.ruz-mineralik.net\/?s={search_term_string}\"},\"query-input\":{\"@type\":\"PropertyValueSpecification\",\"valueRequired\":true,\"valueName\":\"search_term_string\"}}],\"inLanguage\":\"de\"}]}<\/script>\n<!-- \/ Yoast SEO plugin. -->","yoast_head_json":{"title":"Mehr Nachhaltigkeit - RUZ Mineralik","description":"Wir haben ein Nachhaltigkeitskonzept - Informieren Sie sich gerne \u00fcber unsere Projekte! Ihre L\u00f6sung aus Heilbronn","robots":{"index":"index","follow":"follow","max-snippet":"max-snippet:-1","max-image-preview":"max-image-preview:large","max-video-preview":"max-video-preview:-1"},"canonical":"https:\/\/www.ruz-mineralik.net\/index.php\/mehr-nachhaltigkeit\/","og_locale":"de_DE","og_type":"article","og_title":"Mehr Nachhaltigkeit - RUZ Mineralik","og_description":"Wir haben ein Nachhaltigkeitskonzept - Informieren Sie sich gerne \u00fcber unsere Projekte! Ihre L\u00f6sung aus Heilbronn","og_url":"https:\/\/www.ruz-mineralik.net\/index.php\/mehr-nachhaltigkeit\/","og_site_name":"RUZ Mineralik","article_modified_time":"2026-01-13T09:14:16+00:00","twitter_card":"summary_large_image","twitter_misc":{"Gesch\u00e4tzte Lesezeit":"3\u00a0Minuten"},"schema":{"@context":"https:\/\/schema.org","@graph":[{"@type":"WebPage","@id":"https:\/\/www.ruz-mineralik.net\/index.php\/mehr-nachhaltigkeit\/","url":"https:\/\/www.ruz-mineralik.net\/index.php\/mehr-nachhaltigkeit\/","name":"Mehr Nachhaltigkeit - RUZ Mineralik","isPartOf":{"@id":"https:\/\/www.ruz-mineralik.net\/#website"},"datePublished":"2022-09-26T12:03:38+00:00","dateModified":"2026-01-13T09:14:16+00:00","description":"Wir haben ein Nachhaltigkeitskonzept - Informieren Sie sich gerne \u00fcber unsere Projekte! Ihre L\u00f6sung aus Heilbronn","breadcrumb":{"@id":"https:\/\/www.ruz-mineralik.net\/index.php\/mehr-nachhaltigkeit\/#breadcrumb"},"inLanguage":"de","potentialAction":[{"@type":"ReadAction","target":["https:\/\/www.ruz-mineralik.net\/index.php\/mehr-nachhaltigkeit\/"]}]},{"@type":"BreadcrumbList","@id":"https:\/\/www.ruz-mineralik.net\/index.php\/mehr-nachhaltigkeit\/#breadcrumb","itemListElement":[{"@type":"ListItem","position":1,"name":"Startseite","item":"https:\/\/www.ruz-mineralik.net\/"},{"@type":"ListItem","position":2,"name":"Mehr Nachhaltigkeit"}]},{"@type":"WebSite","@id":"https:\/\/www.ruz-mineralik.net\/#website","url":"https:\/\/www.ruz-mineralik.net\/","name":"RUZ Mineralik","description":"","potentialAction":[{"@type":"SearchAction","target":{"@type":"EntryPoint","urlTemplate":"https:\/\/www.ruz-mineralik.net\/?s={search_term_string}"},"query-input":{"@type":"PropertyValueSpecification","valueRequired":true,"valueName":"search_term_string"}}],"inLanguage":"de"}]}},"_links":{"self":[{"href":"https:\/\/www.ruz-mineralik.net\/index.php\/wp-json\/wp\/v2\/pages\/78","targetHints":{"allow":["GET"]}}],"collection":[{"href":"https:\/\/www.ruz-mineralik.net\/index.php\/wp-json\/wp\/v2\/pages"}],"about":[{"href":"https:\/\/www.ruz-mineralik.net\/index.php\/wp-json\/wp\/v2\/types\/page"}],"author":[{"embeddable":true,"href":"https:\/\/www.ruz-mineralik.net\/index.php\/wp-json\/wp\/v2\/users\/1"}],"replies":[{"embeddable":true,"href":"https:\/\/www.ruz-mineralik.net\/index.php\/wp-json\/wp\/v2\/comments?post=78"}],"version-history":[{"count":43,"href":"https:\/\/www.ruz-mineralik.net\/index.php\/wp-json\/wp\/v2\/pages\/78\/revisions"}],"predecessor-version":[{"id":1336,"href":"https:\/\/www.ruz-mineralik.net\/index.php\/wp-json\/wp\/v2\/pages\/78\/revisions\/1336"}],"wp:attachment":[{"href":"https:\/\/www.ruz-mineralik.net\/index.php\/wp-json\/wp\/v2\/media?parent=78"}],"curies":[{"name":"wp","href":"https:\/\/api.w.org\/{rel}","templated":true}]}}